{"id":1415,"date":"2018-04-05T13:03:35","date_gmt":"2018-04-05T13:03:35","guid":{"rendered":"http:\/\/fliegerblog.rjs.de\/?page_id=1415"},"modified":"2018-04-05T13:03:35","modified_gmt":"2018-04-05T13:03:35","slug":"cookie-policy","status":"publish","type":"page","link":"https:\/\/fliegerblog.rjs.de\/?page_id=1415","title":{"rendered":"Cookie Policy"},"content":{"rendered":"<p>This site uses cookies &#8211; small text files that are placed on your machine to help the site provide a better user experience. In general, cookies are used to retain user preferences, store information for things like shopping carts, and provide anonymised tracking data to third party applications like Google Analytics. As a rule, cookies will make your browsing experience better. However, you may prefer to disable cookies on this site and on others. The most effective way to do this is to disable cookies in your browser. We suggest consulting the Help section of your browser or taking a look at <a href=\"http:\/\/www.aboutcookies.org\">the About Cookies website<\/a> which offers guidance for all modern browsers<\/p>\n","protected":false},"excerpt":{"rendered":"<p>This site uses cookies &#8211; small text files that are placed on your machine to help the site provide a better user experience. In general, cookies are used to retain user preferences, store information for things like shopping carts, and provide anonymised tracking data to third party applications like Google Analytics. As a rule, cookies &hellip; <a href=\"https:\/\/fliegerblog.rjs.de\/?page_id=1415\" class=\"more-link\"><span class=\"screen-reader-text\">\u201eCookie Policy\u201c<\/span> weiterlesen<\/a><\/p>\n","protected":false},"author":1,"featured_media":0,"parent":0,"menu_order":0,"comment_status":"closed","ping_status":"closed","template":"","meta":{"jetpack_post_was_ever_published":false,"footnotes":""},"class_list":["post-1415","page","type-page","status-publish","hentry"],"jetpack_shortlink":"https:\/\/wp.me\/P788kK-mP","jetpack-related-posts":[{"id":1417,"url":"https:\/\/fliegerblog.rjs.de\/?page_id=1417","url_meta":{"origin":1415,"position":0},"title":"Impressum und Datenschutz","date":"April 5, 2018","format":false,"excerpt":"Impressum Ralph Steyer, Ernst-Ludwig-Str. 16, 55294 Bodenheim und Staufenstr. 48, 65817 Eppstein Telefon: +49 0171\/5489948, +49 06135\/7169082 E-Mail: ralph.steyer@rjs.de Internet: fliegerblog.rjs.de Inhaltlich Verantwortlicher der Website gem\u00e4\u00df Para. 10 Absatz 3 MDStV: Ralph Steyer (Anschrift wie oben). Steuernummer: 28\/226\/31501 - FA Mainz S\u00fcd Haftungsausschluss: Haftung f\u00fcr Inhalte Die Inhalte unserer Seiten\u2026","rel":"","context":"\u00c4hnlicher Beitrag","img":{"alt_text":"","src":"","width":0,"height":0},"classes":[]},{"id":949,"url":"https:\/\/fliegerblog.rjs.de\/?page_id=949","url_meta":{"origin":1415,"position":1},"title":"B\u00fccher","date":"Juni 19, 2015","format":false,"excerpt":"Aktuelle B\u00fccher von Ralph Steyer Einf\u00fchrung in JavaFX\/OpenJFX Autor: Steyer, Ralph ISBN ebook: 978-3-658-35539-5 - ISBN Softcover: 978-3-658-35538-8 Verlag: Springer Fachmedien Wiesbaden GmbH Erscheinungsjahr: 2022 Das JavaFX-Framework gibt es schon seit einigen Jahren, hat aber mit den ersten Versionen fast nur noch den Namen gemeinsam. Seit der Version 2 hat\u2026","rel":"","context":"\u00c4hnlicher Beitrag","img":{"alt_text":"","src":"https:\/\/i0.wp.com\/rjs.de\/wp-content\/uploads\/2017\/10\/2044_jetzt-lerne-ich-java-cover3d_1.png?resize=350%2C200","width":350,"height":200},"classes":[]}],"_links":{"self":[{"href":"https:\/\/fliegerblog.rjs.de\/index.php?rest_route=\/wp\/v2\/pages\/1415","targetHints":{"allow":["GET"]}}],"collection":[{"href":"https:\/\/fliegerblog.rjs.de\/index.php?rest_route=\/wp\/v2\/pages"}],"about":[{"href":"https:\/\/fliegerblog.rjs.de\/index.php?rest_route=\/wp\/v2\/types\/page"}],"author":[{"embeddable":true,"href":"https:\/\/fliegerblog.rjs.de\/index.php?rest_route=\/wp\/v2\/users\/1"}],"replies":[{"embeddable":true,"href":"https:\/\/fliegerblog.rjs.de\/index.php?rest_route=%2Fwp%2Fv2%2Fcomments&post=1415"}],"version-history":[{"count":0,"href":"https:\/\/fliegerblog.rjs.de\/index.php?rest_route=\/wp\/v2\/pages\/1415\/revisions"}],"wp:attachment":[{"href":"https:\/\/fliegerblog.rjs.de\/index.php?rest_route=%2Fwp%2Fv2%2Fmedia&parent=1415"}],"curies":[{"name":"wp","href":"https:\/\/api.w.org\/{rel}","templated":true}]}}